{"id":128,"date":"2024-03-13T16:17:27","date_gmt":"2024-03-13T16:17:27","guid":{"rendered":"https:\/\/descoperaelche.ro\/?page_id=128"},"modified":"2024-09-25T16:40:33","modified_gmt":"2024-09-25T16:40:33","slug":"pagina-1","status":"publish","type":"page","link":"https:\/\/descoperaelche.ro\/index.php\/pagina-1\/","title":{"rendered":"Atrac\u021bii"},"content":{"rendered":"<p>[et_pb_section fb_built=&#8221;1&#8243; custom_padding_last_edited=&#8221;off|phone&#8221; admin_label=&#8221;Header&#8221; _builder_version=&#8221;4.24.2&#8243; _module_preset=&#8221;default&#8221; background_image=&#8221;https:\/\/descoperaelche.ro\/wp-content\/uploads\/2023\/12\/image.jpg&#8221; custom_padding=&#8221;12vw||12vw||true|false&#8221; custom_padding_tablet=&#8221;||||false|false&#8221; global_colors_info=&#8221;{}&#8221;][et_pb_row _builder_version=&#8221;4.16&#8243; _module_preset=&#8221;default&#8221; custom_padding=&#8221;||0px||false|false&#8221; global_colors_info=&#8221;{}&#8221;][et_pb_column type=&#8221;4_4&#8243; _builder_version=&#8221;4.16&#8243; _module_preset=&#8221;default&#8221; global_colors_info=&#8221;{}&#8221;][et_pb_text _builder_version=&#8221;4.24.2&#8243; _module_preset=&#8221;default&#8221; text_font_size=&#8221;16px&#8221; header_font=&#8221;Abril Fatface|||on|||||&#8221; header_font_size=&#8221;74px&#8221; header_letter_spacing=&#8221;0.1em&#8221; header_line_height=&#8221;1.2em&#8221; header_2_font=&#8221;|700||on|||||&#8221; header_2_font_size=&#8221;16px&#8221; header_2_letter_spacing=&#8221;6px&#8221; header_2_line_height=&#8221;1.2em&#8221; text_orientation=&#8221;center&#8221; background_layout=&#8221;dark&#8221; header_font_size_tablet=&#8221;60px&#8221; header_font_size_phone=&#8221;40px&#8221; header_font_size_last_edited=&#8221;on|phone&#8221; header_2_font_size_tablet=&#8221;14px&#8221; header_2_font_size_phone=&#8221;12px&#8221; header_2_font_size_last_edited=&#8221;on|phone&#8221; global_colors_info=&#8221;{}&#8221;]<\/p>\n<h1>Descopera elche<\/h1>\n<p>[\/et_pb_text][\/et_pb_column][\/et_pb_row][\/et_pb_section][et_pb_section fb_built=&#8221;1&#8243; admin_label=&#8221;How It Works&#8221; _builder_version=&#8221;4.24.2&#8243; _module_preset=&#8221;default&#8221; background_color=&#8221;#FFFFFF&#8221; background_image=&#8221;https:\/\/descoperaelche.ro\/wp-content\/uploads\/2024\/03\/Untitled-design.png&#8221; custom_margin=&#8221;92px|||||&#8221; custom_padding=&#8221;0px||0px||false|false&#8221; global_colors_info=&#8221;{}&#8221;][et_pb_row _builder_version=&#8221;4.16&#8243; _module_preset=&#8221;default&#8221; custom_margin=&#8221;-92px|auto||auto||&#8221; custom_padding=&#8221;0px||0px||false|false&#8221; global_colors_info=&#8221;{}&#8221;][et_pb_column type=&#8221;4_4&#8243; _builder_version=&#8221;4.24.2&#8243; _module_preset=&#8221;default&#8221; global_colors_info=&#8221;{}&#8221;][et_pb_image src=&#8221;https:\/\/descoperaelche.ro\/wp-content\/uploads\/2024\/03\/shoe-repair-11.png&#8221; title_text=&#8221;shoe-repair-11&#8243; _builder_version=&#8221;4.16&#8243; _module_preset=&#8221;default&#8221; custom_margin=&#8221;40px|||||&#8221; global_colors_info=&#8221;{}&#8221;][\/et_pb_image][\/et_pb_column][\/et_pb_row][et_pb_row _builder_version=&#8221;4.24.2&#8243; _module_preset=&#8221;default&#8221; global_colors_info=&#8221;{}&#8221;][et_pb_column type=&#8221;4_4&#8243; _builder_version=&#8221;4.24.2&#8243; _module_preset=&#8221;default&#8221; global_colors_info=&#8221;{}&#8221;][et_pb_text _builder_version=&#8221;4.24.2&#8243; _module_preset=&#8221;default&#8221; header_font=&#8221;Abyssinica SIL||||||||&#8221; header_font_size=&#8221;35px&#8221; custom_margin=&#8221;||268px|||&#8221; custom_padding=&#8221;||231px|||&#8221; global_colors_info=&#8221;{}&#8221;]<\/p>\n<h1><span style=\"color: #0a0a0a;\"><strong>Atractii<\/strong><\/span><\/h1>\n<div class=\"et_pb_module et_pb_text et_pb_text_1 et_pb_text_align_left et_pb_bg_layout_dark et_had_animation\">\n<div class=\"et_pb_text_inner\">\n<p><span style=\"color: #0a0a0a;\">Elche, un ora\u0219 situat \u00een provincia Alicante din regiunea Valencian\u0103 a Spaniei, este un centru cultural \u0219i istoric cu multe de oferit. Datorit\u0103 mo\u0219tenirii sale culturale bogate \u0219i a peisajelor naturale impresionante, Elche atrage vizitatori din \u00eentreaga lume. Acest articol v\u0103 va ghida prin principalele atrac\u021bii turistice din Elche \u0219i \u00eemprejurimi, oferindu-v\u0103 un tur virtual al acestui loc fascinant.<\/span><\/p>\n<h3><span style=\"color: #0a0a0a;\">\u00cen Elche<\/span><\/h3>\n<p><span style=\"color: #0a0a0a;\"><strong>1. Palmerarul din Elche<\/strong><\/span><br \/><span style=\"color: #0a0a0a;\">Unul dintre cele mai emblematice simboluri ale ora\u0219ului, Palmerarul din Elche este cel mai mare palmier din Europa \u0219i a fost declarat Patrimoniu Mondial UNESCO. Acest labirint verde, cu peste 200.000 de palmieri, ofer\u0103 o oaz\u0103 de lini\u0219te \u0219i este locul perfect pentru plimb\u0103ri relaxante.<\/span><\/p>\n<p><span style=\"color: #0a0a0a;\"><strong>2. Parcul Na\u021bional El Hondo<\/strong><\/span><br \/><span style=\"color: #0a0a0a;\">Situat la sud de Elche, Parcul Na\u021bional El Hondo este un paradis pentru iubitorii de natur\u0103 \u0219i observatorii de p\u0103s\u0103ri. Cu zone umede extinse, este un habitat important pentru specii de p\u0103s\u0103ri rare \u0219i ofer\u0103 trasee excelente pentru drume\u021bii \u0219i ciclism.<\/span><\/p>\n<p><span style=\"color: #0a0a0a;\"><strong>3. Basilica de Santa Mar\u00eda<\/strong><\/span><br \/><span style=\"color: #0a0a0a;\">Aceast\u0103 impresionant\u0103 biseric\u0103 este centrul spiritual al ora\u0219ului \u0219i locul unde se desf\u0103\u0219oar\u0103 anual Misteri d\u2019Elx, un festival religios \u0219i cultural care a fost, de asemenea, recunoscut de UNESCO. Arhitectura sa gotic\u0103 \u0219i baroc\u0103, precum \u0219i interiorul bogat decorat, sunt de neuitat.<\/span><\/p>\n<p><span style=\"color: #0a0a0a;\"><strong>4. Muzeul Arheologic \u0219i de Istorie Elche (MAHE)<\/strong><\/span><br \/><span style=\"color: #0a0a0a;\">Pentru cei pasiona\u021bi de istorie, MAHE ofer\u0103 o incursiune fascinant\u0103 \u00een trecutul ora\u0219ului, de la preistorie p\u00e2n\u0103 \u00een perioada contemporan\u0103. Exponatele includ artefacte din epoca iberic\u0103 \u0219i islamic\u0103, precum \u0219i faimoasa Dama de Elche, o sculptur\u0103 iberic\u0103 de o importan\u021b\u0103 inestimabil\u0103.<\/span><\/p>\n<h3><span style=\"color: #0a0a0a;\">\u00cen apropiere de Elche<\/span><\/h3>\n<p><span style=\"color: #0a0a0a;\"><strong>1. Plajele din Santa Pola<\/strong><\/span><br \/><span style=\"color: #0a0a0a;\">La doar c\u00e2teva minute de mers cu ma\u0219ina de Elche, Santa Pola ofer\u0103 unele dintre cele mai frumoase plaje din Costa Blanca. Cu nisipuri fine \u0219i ape cristaline, este locul ideal pentru relaxare, sporturi nautice \u0219i degustarea fructelor de mare proaspete.<\/span><\/p>\n<p><span style=\"color: #0a0a0a;\"><strong>2. Castelul Santa B\u00e1rbara, Alicante<\/strong><\/span><br \/><span style=\"color: #0a0a0a;\">Situat pe o colin\u0103 \u00eenalt\u0103 deasupra ora\u0219ului Alicante, la aproximativ 25 de minute de Elche, Castelul Santa B\u00e1rbara ofer\u0103 o priveli\u0219te panoramic\u0103 asupra coastei mediteraneene. O vizit\u0103 aici este o oportunitate excelent\u0103 de a explora istoria regiunii \u0219i de a admira peisaje uluitoare.<\/span><\/p>\n<p><span style=\"color: #0a0a0a;\"><strong>3. Tabarca<\/strong><\/span><br \/><span style=\"color: #0a0a0a;\">Insula Tabarca, accesibil\u0103 prin feribot din Santa Pola, este singura insul\u0103 locuit\u0103 din Comunitatea Valencian\u0103. Cu apele sale limpezi, ideale pentru snorkeling \u0219i scufund\u0103ri, \u0219i cu un mic sat pitoresc, Tabarca este o escapad\u0103 perfect\u0103 pentru o zi.<\/span><\/p>\n<p><span style=\"color: #0a0a0a;\"><strong>4. Huerto del Cura<\/strong><\/span><br \/><span style=\"color: #0a0a0a;\">Un alt exemplar remarcabil al patrimoniului natural din Elche este gr\u0103dina Huerto del Cura, o parte a vastului palmerar. Gr\u0103dina botanic\u0103 include o colec\u021bie impresionant\u0103 de plante exotice \u0219i este acas\u0103 la Palmera Imperial, un palmier unic cu \u0219apte bra\u021be.<\/span><\/p>\n<p><span style=\"color: #0a0a0a;\">Elche \u0219i \u00eemprejurimile sale ofer\u0103 o gam\u0103 larg\u0103 de atrac\u021bii pentru toate gusturile, de la situri naturale impresionante \u0219i plaje idilice la monumente istorice \u0219i culturale de o importan\u021b\u0103 deosebit\u0103. Fie c\u0103 sunte\u021bi pasionat de istorie, natur\u0103<\/span><\/p>\n<\/div>\n<\/div>\n<p>[\/et_pb_text][\/et_pb_column][\/et_pb_row][\/et_pb_section][et_pb_section fb_built=&#8221;1&#8243; custom_padding_last_edited=&#8221;on|phone&#8221; admin_label=&#8221;Footer&#8221; _builder_version=&#8221;4.24.2&#8243; _module_preset=&#8221;default&#8221; use_background_color_gradient=&#8221;on&#8221; background_color_gradient_direction=&#8221;100deg&#8221; background_color_gradient_stops=&#8221;rgba(17,8,7,0.8) 0%|rgba(17,8,7,0.96) 100%&#8221; background_color_gradient_overlays_image=&#8221;on&#8221; background_color_gradient_start=&#8221;rgba(17,8,7,0.8)&#8221; background_color_gradient_end=&#8221;rgba(17,8,7,0.96)&#8221; background_enable_image=&#8221;off&#8221; custom_margin=&#8221;1px|||||&#8221; custom_padding=&#8221;130px||130px||true|false&#8221; custom_padding_tablet=&#8221;60px||60px||true|false&#8221; custom_padding_phone=&#8221;&#8221; locked=&#8221;off&#8221; global_colors_info=&#8221;{}&#8221;][et_pb_row column_structure=&#8221;1_3,1_3,1_3&#8243; use_custom_gutter=&#8221;on&#8221; gutter_width=&#8221;1&#8243; make_equal=&#8221;on&#8221; _builder_version=&#8221;4.16&#8243; _module_preset=&#8221;default&#8221; custom_margin=&#8221;||60px||false|false&#8221; custom_margin_tablet=&#8221;-30px||||false|false&#8221; custom_margin_last_edited=&#8221;off|desktop&#8221; custom_padding=&#8221;0px||0px||true|false&#8221; border_width_all=&#8221;1px&#8221; border_color_all=&#8221;#AC8365&#8243; locked=&#8221;off&#8221; global_colors_info=&#8221;{}&#8221;][et_pb_column type=&#8221;1_3&#8243; _builder_version=&#8221;4.16&#8243; _module_preset=&#8221;default&#8221; custom_padding=&#8221;60px|20px|60px|20px|true|true&#8221; custom_padding_tablet=&#8221;40px||40px||true|true&#8221; custom_padding_phone=&#8221;30px||30px||true|true&#8221; custom_padding_last_edited=&#8221;on|desktop&#8221; border_width_right=&#8221;1px&#8221; border_color_right=&#8221;#AC8365&#8243; border_width_right_tablet=&#8221;0px&#8221; border_width_right_phone=&#8221;&#8221; border_width_right_last_edited=&#8221;on|tablet&#8221; global_colors_info=&#8221;{}&#8221;][et_pb_blurb title=&#8221;Hours&#8221; use_icon=&#8221;on&#8221; font_icon=&#8221;&#xe06b;||divi||400&#8243; icon_color=&#8221;#dbc2b3&#8243; image_icon_width=&#8221;30px&#8221; _builder_version=&#8221;4.24.2&#8243; _module_preset=&#8221;default&#8221; header_font=&#8221;|700||on|||||&#8221; header_text_color=&#8221;#ac8365&#8243; header_font_size=&#8221;14px&#8221; header_letter_spacing=&#8221;4px&#8221; header_line_height=&#8221;1.2em&#8221; body_font=&#8221;|700|||||||&#8221; body_font_size=&#8221;16px&#8221; body_line_height=&#8221;1.6em&#8221; text_orientation=&#8221;center&#8221; background_layout=&#8221;dark&#8221; body_font_size_tablet=&#8221;&#8221; body_font_size_phone=&#8221;14px&#8221; body_font_size_last_edited=&#8221;on|phone&#8221; icon_font_size=&#8221;30px&#8221; global_colors_info=&#8221;{}&#8221;]<\/p>\n<p>Luni &#8211; Vineri<br \/>10am &#8211; 19pm<\/p>\n<p>[\/et_pb_blurb][\/et_pb_column][et_pb_column type=&#8221;1_3&#8243; _builder_version=&#8221;4.16&#8243; _module_preset=&#8221;default&#8221; custom_padding=&#8221;60px|20px|60px|20px|true|true&#8221; custom_padding_tablet=&#8221;40px||40px||true|true&#8221; custom_padding_phone=&#8221;30px||30px||true|true&#8221; custom_padding_last_edited=&#8221;on|desktop&#8221; border_width_right=&#8221;1px&#8221; border_color_right=&#8221;#AC8365&#8243; border_width_right_tablet=&#8221;0px&#8221; border_width_right_phone=&#8221;&#8221; border_width_right_last_edited=&#8221;on|tablet&#8221; global_colors_info=&#8221;{}&#8221;][et_pb_blurb title=&#8221;Phone&#8221; use_icon=&#8221;on&#8221; font_icon=&#8221;&#xe090;||divi||400&#8243; icon_color=&#8221;#dbc2b3&#8243; image_icon_width=&#8221;30px&#8221; _builder_version=&#8221;4.16&#8243; _module_preset=&#8221;default&#8221; header_font=&#8221;|700||on|||||&#8221; header_text_color=&#8221;#ac8365&#8243; header_font_size=&#8221;14px&#8221; header_letter_spacing=&#8221;4px&#8221; header_line_height=&#8221;1.2em&#8221; body_font=&#8221;|700|||||||&#8221; body_font_size=&#8221;40px&#8221; body_line_height=&#8221;1.2em&#8221; text_orientation=&#8221;center&#8221; background_layout=&#8221;dark&#8221; body_font_size_tablet=&#8221;30px&#8221; body_font_size_phone=&#8221;20px&#8221; body_font_size_last_edited=&#8221;on|phone&#8221; icon_font_size=&#8221;30px&#8221; locked=&#8221;off&#8221; global_colors_info=&#8221;{}&#8221;]<\/p>\n<p>+40771220055<\/p>\n<p>[\/et_pb_blurb][\/et_pb_column][et_pb_column type=&#8221;1_3&#8243; _builder_version=&#8221;4.16&#8243; _module_preset=&#8221;default&#8221; custom_padding=&#8221;60px|20px|60px|20px|true|true&#8221; custom_padding_tablet=&#8221;40px||40px||true|true&#8221; custom_padding_phone=&#8221;30px||30px||true|true&#8221; custom_padding_last_edited=&#8221;on|desktop&#8221; global_colors_info=&#8221;{}&#8221;][et_pb_blurb title=&#8221;Address&#8221; use_icon=&#8221;on&#8221; font_icon=&#8221;&#xe082;||divi||400&#8243; icon_color=&#8221;#dbc2b3&#8243; image_icon_width=&#8221;30px&#8221; _builder_version=&#8221;4.24.2&#8243; _module_preset=&#8221;default&#8221; header_font=&#8221;|700||on|||||&#8221; header_text_color=&#8221;#ac8365&#8243; header_font_size=&#8221;14px&#8221; header_letter_spacing=&#8221;4px&#8221; header_line_height=&#8221;1.2em&#8221; body_font=&#8221;|700|||||||&#8221; body_font_size=&#8221;16px&#8221; body_line_height=&#8221;1.6em&#8221; text_orientation=&#8221;center&#8221; background_layout=&#8221;dark&#8221; body_font_size_tablet=&#8221;&#8221; body_font_size_phone=&#8221;14px&#8221; body_font_size_last_edited=&#8221;on|phone&#8221; icon_font_size=&#8221;30px&#8221; locked=&#8221;off&#8221; global_colors_info=&#8221;{}&#8221;]<\/p>\n<p>03204 \u00a0Elche\u00a0<br \/>Alicante &#8211; Spain<\/p>\n<p>[\/et_pb_blurb][\/et_pb_column][\/et_pb_row][\/et_pb_section]<\/p>\n","protected":false},"excerpt":{"rendered":"<p>Descopera elcheAtractii Elche, un ora\u0219 situat \u00een provincia Alicante din regiunea Valencian\u0103 a Spaniei, este un centru cultural \u0219i istoric cu multe de oferit. Datorit\u0103 mo\u0219tenirii sale culturale bogate \u0219i a peisajelor naturale impresionante, Elche atrage vizitatori din \u00eentreaga lume. Acest articol v\u0103 va ghida prin principalele atrac\u021bii turistice din Elche \u0219i \u00eemprejurimi, oferindu-v\u0103 un [&hellip;]<\/p>\n","protected":false},"author":1,"featured_media":0,"parent":0,"menu_order":0,"comment_status":"closed","ping_status":"closed","template":"","meta":{"_et_pb_use_builder":"on","_et_pb_old_content":"","_et_gb_content_width":"","_monsterinsights_skip_tracking":false,"_monsterinsights_sitenote_active":false,"_monsterinsights_sitenote_note":"","_monsterinsights_sitenote_category":0,"_uf_show_specific_survey":0,"_uf_disable_surveys":false,"footnotes":""},"class_list":["post-128","page","type-page","status-publish","hentry"],"_links":{"self":[{"href":"https:\/\/descoperaelche.ro\/index.php\/wp-json\/wp\/v2\/pages\/128","targetHints":{"allow":["GET"]}}],"collection":[{"href":"https:\/\/descoperaelche.ro\/index.php\/wp-json\/wp\/v2\/pages"}],"about":[{"href":"https:\/\/descoperaelche.ro\/index.php\/wp-json\/wp\/v2\/types\/page"}],"author":[{"embeddable":true,"href":"https:\/\/descoperaelche.ro\/index.php\/wp-json\/wp\/v2\/users\/1"}],"replies":[{"embeddable":true,"href":"https:\/\/descoperaelche.ro\/index.php\/wp-json\/wp\/v2\/comments?post=128"}],"version-history":[{"count":7,"href":"https:\/\/descoperaelche.ro\/index.php\/wp-json\/wp\/v2\/pages\/128\/revisions"}],"predecessor-version":[{"id":437,"href":"https:\/\/descoperaelche.ro\/index.php\/wp-json\/wp\/v2\/pages\/128\/revisions\/437"}],"wp:attachment":[{"href":"https:\/\/descoperaelche.ro\/index.php\/wp-json\/wp\/v2\/media?parent=128"}],"curies":[{"name":"wp","href":"https:\/\/api.w.org\/{rel}","templated":true}]}}