{"id":191,"date":"2024-03-16T10:51:25","date_gmt":"2024-03-16T10:51:25","guid":{"rendered":"https:\/\/descoperaelche.ro\/?page_id=191"},"modified":"2024-09-25T16:33:12","modified_gmt":"2024-09-25T16:33:12","slug":"191-2","status":"publish","type":"page","link":"https:\/\/descoperaelche.ro\/index.php\/191-2\/","title":{"rendered":"Servicii"},"content":{"rendered":"<p>[et_pb_section fb_built=&#8221;1&#8243; custom_padding_last_edited=&#8221;off|phone&#8221; admin_label=&#8221;Header&#8221; _builder_version=&#8221;4.24.2&#8243; _module_preset=&#8221;default&#8221; background_image=&#8221;https:\/\/descoperaelche.ro\/wp-content\/uploads\/2023\/12\/image.jpg&#8221; custom_padding=&#8221;12vw||12vw||true|false&#8221; custom_padding_tablet=&#8221;||||false|false&#8221; global_colors_info=&#8221;{}&#8221;][et_pb_row _builder_version=&#8221;4.16&#8243; _module_preset=&#8221;default&#8221; custom_padding=&#8221;||0px||false|false&#8221; global_colors_info=&#8221;{}&#8221;][et_pb_column type=&#8221;4_4&#8243; _builder_version=&#8221;4.16&#8243; _module_preset=&#8221;default&#8221; global_colors_info=&#8221;{}&#8221;][et_pb_text _builder_version=&#8221;4.24.2&#8243; _module_preset=&#8221;default&#8221; text_font_size=&#8221;16px&#8221; header_font=&#8221;Abril Fatface|||on|||||&#8221; header_font_size=&#8221;74px&#8221; header_letter_spacing=&#8221;0.1em&#8221; header_line_height=&#8221;1.2em&#8221; header_2_font=&#8221;|700||on|||||&#8221; header_2_font_size=&#8221;16px&#8221; header_2_letter_spacing=&#8221;6px&#8221; header_2_line_height=&#8221;1.2em&#8221; text_orientation=&#8221;center&#8221; background_layout=&#8221;dark&#8221; header_font_size_tablet=&#8221;60px&#8221; header_font_size_phone=&#8221;40px&#8221; header_font_size_last_edited=&#8221;on|phone&#8221; header_2_font_size_tablet=&#8221;14px&#8221; header_2_font_size_phone=&#8221;12px&#8221; header_2_font_size_last_edited=&#8221;on|phone&#8221; global_colors_info=&#8221;{}&#8221;]<\/p>\n<h1>Descopera elche<\/h1>\n<p>[\/et_pb_text][\/et_pb_column][\/et_pb_row][\/et_pb_section][et_pb_section fb_built=&#8221;1&#8243; admin_label=&#8221;How It Works&#8221; _builder_version=&#8221;4.24.2&#8243; _module_preset=&#8221;default&#8221; background_color=&#8221;#FFFFFF&#8221; background_image=&#8221;https:\/\/descoperaelche.ro\/wp-content\/uploads\/2024\/03\/Untitled-design.png&#8221; custom_margin=&#8221;92px|||||&#8221; custom_padding=&#8221;0px||0px||false|false&#8221; global_colors_info=&#8221;{}&#8221;][et_pb_row _builder_version=&#8221;4.24.2&#8243; _module_preset=&#8221;default&#8221; global_colors_info=&#8221;{}&#8221;][et_pb_column type=&#8221;4_4&#8243; _builder_version=&#8221;4.24.2&#8243; _module_preset=&#8221;default&#8221; global_colors_info=&#8221;{}&#8221;][et_pb_text _builder_version=&#8221;4.24.2&#8243; _module_preset=&#8221;default&#8221; global_colors_info=&#8221;{}&#8221;]<\/p>\n<h1><span style=\"color: #0a0a0a;\"><strong>Servicii<\/strong><\/span><\/h1>\n<p>&nbsp;<\/p>\n<p>&nbsp;<\/p>\n<h3><strong>Ghidul T\u0103u Pentru O Nou\u0103 Via\u021b\u0103 \u00een Elche, Spania<\/strong><\/h3>\n<p>Bine a\u021bi venit la portalul t\u0103u unic pentru a transforma visul spaniol \u00een realitate. \u00cen\u021belegem c\u00e2t de complex \u0219i, uneori, descurajator poate fi procesul de relocare \u00eentr-o nou\u0103 \u021bar\u0103. Fie c\u0103 este vorba despre c\u0103utarea locuin\u021bei perfecte, navigarea prin birocra\u021bia necesar\u0103 sau pur \u0219i simplu \u00een\u021belegerea culturii locale, echipa noastr\u0103 de exper\u021bi este aici pentru a v\u0103 asigura o tranzi\u021bie lin\u0103 c\u0103tre via\u021ba \u00een Elche, Spania. Iat\u0103 o privire detaliat\u0103 asupra serviciilor noastre:<\/p>\n<h3><strong>1. Consultan\u021b\u0103 \u00een Vederea Mut\u0103rii \u00een Spania \u2013 Elche<\/strong><\/h3>\n<p>Mutarea \u00eentr-o nou\u0103 \u021bar\u0103 vine cu propriul set de provoc\u0103ri \u0219i \u00eentreb\u0103ri. De la \u201eUnde ar trebui s\u0103 locuiesc?\u201d p\u00e2n\u0103 la \u201eCum func\u021bioneaz\u0103 sistemul de s\u0103n\u0103tate?\u201d, avem r\u0103spunsurile de care ave\u021bi nevoie. Oferim:<\/p>\n<ul>\n<li><strong>Orientare Cultural\u0103:<\/strong> V\u0103 ajut\u0103m s\u0103 \u00een\u021belege\u021bi particularit\u0103\u021bile culturale spaniole \u0219i ale ora\u0219ului Elche, pentru a v\u0103 integra f\u0103r\u0103 probleme \u00een noua comunitate.<\/li>\n<li><strong>Asisten\u021b\u0103 \u00een Procesul de Imigrare:<\/strong> V\u0103 ghid\u0103m prin labirintul de vize, permise de reziden\u021b\u0103 \u0219i alte formalit\u0103\u021bi legale necesare pentru a locui \u00een Spania.<\/li>\n<li><strong>Suport pentru Relocare:<\/strong> De la organizarea transportului bunurilor personale p\u00e2n\u0103 la g\u0103sirea \u0219colilor pentru copiii dumneavoastr\u0103, suntem aici pentru a face mutarea c\u00e2t mai simpl\u0103 posibil.<\/li>\n<\/ul>\n<h3><strong>2. Consultan\u021b\u0103 \u00een Achizi\u021bionarea de Propriet\u0103\u021bi<\/strong><\/h3>\n<p>Indiferent dac\u0103 c\u0103uta\u021bi o investi\u021bie profitabil\u0103 sau un nou c\u0103min \u00een Elche, echipa noastr\u0103 de exper\u021bi imobiliari v\u0103 ofer\u0103 consultan\u021ba necesar\u0103 pentru a lua cea mai bun\u0103 decizie. Serviciile noastre includ:<\/p>\n<ul>\n<li><strong>Analiz\u0103 de Pia\u021b\u0103:<\/strong> Oferim o analiz\u0103 detaliat\u0103 a pie\u021bei imobiliare din Elche, eviden\u021biind zonele cu poten\u021bial ridicat de cre\u0219tere \u0219i valoare.<\/li>\n<li><strong>Vizion\u0103ri \u0219i Negocieri:<\/strong> Organiz\u0103m vizion\u0103ri ale propriet\u0103\u021bilor care corespund criteriilor dumneavoastr\u0103 \u0219i v\u0103 reprezent\u0103m \u00een negocieri pentru a asigura cel mai bun pre\u021b.<\/li>\n<li><strong>Suport Juridic:<\/strong> Colabor\u0103m cu avoca\u021bi specializa\u021bi pentru a v\u0103 asigura c\u0103 toate tranzac\u021biile imobiliare sunt conforme cu legisla\u021bia spaniol\u0103 \u0219i c\u0103 drepturile dumneavoastr\u0103 sunt protejate.<\/li>\n<\/ul>\n<h3><strong>3. Consultan\u021b\u0103 \u00een Vederea Formalit\u0103\u021bilor Necesare Reloc\u0103rii<\/strong><\/h3>\n<p>Navigarea prin birocra\u021bia reloc\u0103rii poate fi descurajant\u0103. Din acest motiv, oferim un serviciu complet de consultan\u021b\u0103 pentru a v\u0103 asigura c\u0103 toate formalit\u0103\u021bile sunt \u00eendeplinite corect \u0219i la timp. Acesta include:<\/p>\n<ul>\n<li><strong>\u00cenregistrarea la Serviciile Locale:<\/strong> V\u0103 asist\u0103m \u00een procesul de \u00eenregistrare la serviciile de utilit\u0103\u021bi, s\u0103n\u0103tate \u0219i educa\u021bie.<\/li>\n<li><strong>Consiliere Fiscal\u0103:<\/strong> Oferim sfaturi pentru a v\u0103 asigura c\u0103 \u00een\u021belege\u021bi sistemul fiscal spaniol \u0219i c\u0103 \u00eendeplini\u021bi toate obliga\u021biile fiscale.<\/li>\n<li><strong>Asigur\u0103ri \u0219i \u00cenregistr\u0103ri:<\/strong> V\u0103 ghid\u0103m \u00een alegerea celor mai bune op\u021biuni de asigurare \u0219i v\u0103 asist\u0103m \u00een procesul de \u00eenregistrare a vehiculelor sau a afacerii dumneavoastr\u0103. \u00a0 \u00a0 \u00a0 <span style=\"font-size: 14px;\">Ne pute\u021bi contacta la <\/span><a href=\"mailto:info@descoperaelche.ro\"><span style=\"font-size: 14px;\">info@descoperaelche.ro<\/span><\/a><\/li>\n<\/ul>\n<p>&nbsp;<\/p>\n<p>[\/et_pb_text][\/et_pb_column][\/et_pb_row][\/et_pb_section][et_pb_section fb_built=&#8221;1&#8243; custom_padding_last_edited=&#8221;on|phone&#8221; admin_label=&#8221;Footer&#8221; _builder_version=&#8221;4.24.2&#8243; _module_preset=&#8221;default&#8221; use_background_color_gradient=&#8221;on&#8221; background_color_gradient_direction=&#8221;100deg&#8221; background_color_gradient_stops=&#8221;rgba(17,8,7,0.8) 0%|rgba(17,8,7,0.96) 100%&#8221; background_color_gradient_overlays_image=&#8221;on&#8221; background_color_gradient_start=&#8221;rgba(17,8,7,0.8)&#8221; background_color_gradient_end=&#8221;rgba(17,8,7,0.96)&#8221; background_enable_image=&#8221;off&#8221; custom_margin=&#8221;1px|||||&#8221; custom_padding=&#8221;130px||130px||true|false&#8221; custom_padding_tablet=&#8221;60px||60px||true|false&#8221; custom_padding_phone=&#8221;&#8221; locked=&#8221;off&#8221; global_colors_info=&#8221;{}&#8221;][et_pb_row column_structure=&#8221;1_3,1_3,1_3&#8243; use_custom_gutter=&#8221;on&#8221; gutter_width=&#8221;1&#8243; make_equal=&#8221;on&#8221; _builder_version=&#8221;4.16&#8243; _module_preset=&#8221;default&#8221; custom_margin=&#8221;||60px||false|false&#8221; custom_margin_tablet=&#8221;-30px||||false|false&#8221; custom_margin_last_edited=&#8221;off|desktop&#8221; custom_padding=&#8221;0px||0px||true|false&#8221; border_width_all=&#8221;1px&#8221; border_color_all=&#8221;#AC8365&#8243; locked=&#8221;off&#8221; global_colors_info=&#8221;{}&#8221;][et_pb_column type=&#8221;1_3&#8243; _builder_version=&#8221;4.16&#8243; _module_preset=&#8221;default&#8221; custom_padding=&#8221;60px|20px|60px|20px|true|true&#8221; custom_padding_tablet=&#8221;40px||40px||true|true&#8221; custom_padding_phone=&#8221;30px||30px||true|true&#8221; custom_padding_last_edited=&#8221;on|desktop&#8221; border_width_right=&#8221;1px&#8221; border_color_right=&#8221;#AC8365&#8243; border_width_right_tablet=&#8221;0px&#8221; border_width_right_phone=&#8221;&#8221; border_width_right_last_edited=&#8221;on|tablet&#8221; global_colors_info=&#8221;{}&#8221;][et_pb_blurb title=&#8221;Hours&#8221; use_icon=&#8221;on&#8221; font_icon=&#8221;&#xe06b;||divi||400&#8243; icon_color=&#8221;#dbc2b3&#8243; image_icon_width=&#8221;30px&#8221; _builder_version=&#8221;4.24.2&#8243; _module_preset=&#8221;default&#8221; header_font=&#8221;|700||on|||||&#8221; header_text_color=&#8221;#ac8365&#8243; header_font_size=&#8221;14px&#8221; header_letter_spacing=&#8221;4px&#8221; header_line_height=&#8221;1.2em&#8221; body_font=&#8221;|700|||||||&#8221; body_font_size=&#8221;16px&#8221; body_line_height=&#8221;1.6em&#8221; text_orientation=&#8221;center&#8221; background_layout=&#8221;dark&#8221; body_font_size_tablet=&#8221;&#8221; body_font_size_phone=&#8221;14px&#8221; body_font_size_last_edited=&#8221;on|phone&#8221; icon_font_size=&#8221;30px&#8221; global_colors_info=&#8221;{}&#8221;]<\/p>\n<p>Luni &#8211; Vineri<br \/>10am &#8211; 19pm<\/p>\n<p>[\/et_pb_blurb][\/et_pb_column][et_pb_column type=&#8221;1_3&#8243; _builder_version=&#8221;4.16&#8243; _module_preset=&#8221;default&#8221; custom_padding=&#8221;60px|20px|60px|20px|true|true&#8221; custom_padding_tablet=&#8221;40px||40px||true|true&#8221; custom_padding_phone=&#8221;30px||30px||true|true&#8221; custom_padding_last_edited=&#8221;on|desktop&#8221; border_width_right=&#8221;1px&#8221; border_color_right=&#8221;#AC8365&#8243; border_width_right_tablet=&#8221;0px&#8221; border_width_right_phone=&#8221;&#8221; border_width_right_last_edited=&#8221;on|tablet&#8221; global_colors_info=&#8221;{}&#8221;][et_pb_blurb title=&#8221;Phone&#8221; use_icon=&#8221;on&#8221; font_icon=&#8221;&#xe090;||divi||400&#8243; icon_color=&#8221;#dbc2b3&#8243; image_icon_width=&#8221;30px&#8221; _builder_version=&#8221;4.16&#8243; _module_preset=&#8221;default&#8221; header_font=&#8221;|700||on|||||&#8221; header_text_color=&#8221;#ac8365&#8243; header_font_size=&#8221;14px&#8221; header_letter_spacing=&#8221;4px&#8221; header_line_height=&#8221;1.2em&#8221; body_font=&#8221;|700|||||||&#8221; body_font_size=&#8221;40px&#8221; body_line_height=&#8221;1.2em&#8221; text_orientation=&#8221;center&#8221; background_layout=&#8221;dark&#8221; body_font_size_tablet=&#8221;30px&#8221; body_font_size_phone=&#8221;20px&#8221; body_font_size_last_edited=&#8221;on|phone&#8221; icon_font_size=&#8221;30px&#8221; locked=&#8221;off&#8221; global_colors_info=&#8221;{}&#8221;]<\/p>\n<p>+40771220055<\/p>\n<p>[\/et_pb_blurb][\/et_pb_column][et_pb_column type=&#8221;1_3&#8243; _builder_version=&#8221;4.16&#8243; _module_preset=&#8221;default&#8221; custom_padding=&#8221;60px|20px|60px|20px|true|true&#8221; custom_padding_tablet=&#8221;40px||40px||true|true&#8221; custom_padding_phone=&#8221;30px||30px||true|true&#8221; custom_padding_last_edited=&#8221;on|desktop&#8221; global_colors_info=&#8221;{}&#8221;][et_pb_blurb title=&#8221;Address&#8221; use_icon=&#8221;on&#8221; font_icon=&#8221;&#xe082;||divi||400&#8243; icon_color=&#8221;#dbc2b3&#8243; image_icon_width=&#8221;30px&#8221; _builder_version=&#8221;4.24.2&#8243; _module_preset=&#8221;default&#8221; header_font=&#8221;|700||on|||||&#8221; header_text_color=&#8221;#ac8365&#8243; header_font_size=&#8221;14px&#8221; header_letter_spacing=&#8221;4px&#8221; header_line_height=&#8221;1.2em&#8221; body_font=&#8221;|700|||||||&#8221; body_font_size=&#8221;16px&#8221; body_line_height=&#8221;1.6em&#8221; text_orientation=&#8221;center&#8221; background_layout=&#8221;dark&#8221; body_font_size_tablet=&#8221;&#8221; body_font_size_phone=&#8221;14px&#8221; body_font_size_last_edited=&#8221;on|phone&#8221; icon_font_size=&#8221;30px&#8221; locked=&#8221;off&#8221; global_colors_info=&#8221;{}&#8221;]<\/p>\n<p>03204 \u00a0Elche\u00a0<br \/>Alicante &#8211; Spain<\/p>\n<p>[\/et_pb_blurb][\/et_pb_column][\/et_pb_row][\/et_pb_section]<\/p>\n","protected":false},"excerpt":{"rendered":"<p>Descopera elcheServicii &nbsp; &nbsp; Ghidul T\u0103u Pentru O Nou\u0103 Via\u021b\u0103 \u00een Elche, Spania Bine a\u021bi venit la portalul t\u0103u unic pentru a transforma visul spaniol \u00een realitate. \u00cen\u021belegem c\u00e2t de complex \u0219i, uneori, descurajator poate fi procesul de relocare \u00eentr-o nou\u0103 \u021bar\u0103. Fie c\u0103 este vorba despre c\u0103utarea locuin\u021bei perfecte, navigarea prin birocra\u021bia necesar\u0103 sau [&hellip;]<\/p>\n","protected":false},"author":1,"featured_media":0,"parent":0,"menu_order":0,"comment_status":"closed","ping_status":"closed","template":"","meta":{"_et_pb_use_builder":"on","_et_pb_old_content":"","_et_gb_content_width":"","_monsterinsights_skip_tracking":false,"_monsterinsights_sitenote_active":false,"_monsterinsights_sitenote_note":"","_monsterinsights_sitenote_category":0,"_uf_show_specific_survey":0,"_uf_disable_surveys":false,"footnotes":""},"class_list":["post-191","page","type-page","status-publish","hentry"],"_links":{"self":[{"href":"https:\/\/descoperaelche.ro\/index.php\/wp-json\/wp\/v2\/pages\/191","targetHints":{"allow":["GET"]}}],"collection":[{"href":"https:\/\/descoperaelche.ro\/index.php\/wp-json\/wp\/v2\/pages"}],"about":[{"href":"https:\/\/descoperaelche.ro\/index.php\/wp-json\/wp\/v2\/types\/page"}],"author":[{"embeddable":true,"href":"https:\/\/descoperaelche.ro\/index.php\/wp-json\/wp\/v2\/users\/1"}],"replies":[{"embeddable":true,"href":"https:\/\/descoperaelche.ro\/index.php\/wp-json\/wp\/v2\/comments?post=191"}],"version-history":[{"count":9,"href":"https:\/\/descoperaelche.ro\/index.php\/wp-json\/wp\/v2\/pages\/191\/revisions"}],"predecessor-version":[{"id":435,"href":"https:\/\/descoperaelche.ro\/index.php\/wp-json\/wp\/v2\/pages\/191\/revisions\/435"}],"wp:attachment":[{"href":"https:\/\/descoperaelche.ro\/index.php\/wp-json\/wp\/v2\/media?parent=191"}],"curies":[{"name":"wp","href":"https:\/\/api.w.org\/{rel}","templated":true}]}}